{"id":2855,"date":"2023-05-15T21:08:32","date_gmt":"2023-05-15T19:08:32","guid":{"rendered":"https:\/\/leventborek.eu\/franchise\/"},"modified":"2024-11-14T14:32:48","modified_gmt":"2024-11-14T12:32:48","slug":"franchise","status":"publish","type":"page","link":"https:\/\/leventborek.eu\/tr\/franchise\/","title":{"rendered":"Franchise"},"content":{"rendered":"<div class=\"fusion-fullwidth fullwidth-box fusion-builder-row-1 fusion-flex-container nonhundred-percent-fullwidth non-hundred-percent-height-scrolling\" style=\"--awb-border-sizes-top:0px;--awb-border-sizes-bottom:0px;--awb-border-sizes-left:0px;--awb-border-sizes-right:0px;--awb-border-radius-top-left:0px;--awb-border-radius-top-right:0px;--awb-border-radius-bottom-right:0px;--awb-border-radius-bottom-left:0px;--awb-padding-top:120px;--awb-padding-bottom:120px;--awb-padding-top-medium:90px;--awb-padding-bottom-medium:90px;--awb-padding-top-small:80px;--awb-padding-bottom-small:80px;--awb-background-color:var(--awb-color1);--awb-flex-wrap:wrap;\" ><div class=\"fusion-builder-row fusion-row fusion-flex-align-items-flex-start fusion-flex-content-wrap\" style=\"max-width:calc( 1200px + 100px );margin-left: calc(-100px \/ 2 );margin-right: calc(-100px \/ 2 );\"><div class=\"fusion-layout-column fusion_builder_column fusion-builder-column-0 fusion_builder_column_1_2 1_2 fusion-flex-column fusion-animated\" style=\"--awb-bg-size:cover;--awb-border-color:hsla(var(--awb-color8-h),var(--awb-color8-s),var(--awb-color8-l),calc( var(--awb-color8-a) - 92% ));--awb-border-style:solid;--awb-width-large:50%;--awb-margin-top-large:0px;--awb-spacing-right-large:50px;--awb-margin-bottom-large:20px;--awb-spacing-left-large:50px;--awb-width-medium:50%;--awb-order-medium:0;--awb-spacing-right-medium:50px;--awb-spacing-left-medium:50px;--awb-width-small:100%;--awb-order-small:0;--awb-margin-top-small:0px;--awb-spacing-right-small:50px;--awb-margin-bottom-small:30px;--awb-spacing-left-small:50px;\" data-animationType=\"fadeInUp\" data-animationDuration=\"1.2\" data-animationOffset=\"top-into-view\"><div class=\"fusion-column-wrapper fusion-column-has-shadow fusion-flex-justify-content-flex-start fusion-content-layout-column\"><div class=\"fusion-title title fusion-title-1 fusion-sep-none fusion-title-text fusion-title-size-two\" style=\"--awb-margin-top:0px;--awb-margin-bottom:20px;\"><h2 class=\"fusion-title-heading title-heading-left\" style=\"margin:0;\">Hikayemize Ortak Olun!<\/h2><\/div><div class=\"fusion-text fusion-text-1\" style=\"--awb-font-size:14px;\"><p>1968 y\u0131l\u0131nda k\u00fc\u00e7\u00fcc\u00fck bir tablada ba\u015flayan hikayemiz, i\u00e7inde bulundu\u011fu sekt\u00f6rde hem \u00f6rnek hem \u00f6nc\u00fc oldu.<br \/>\nBug\u00fcn Adana&#8217;da b\u00fcy\u00fck bir \u00fcretim tesisinde peynirliden past\u0131rmal\u0131ya \u00e7e\u015fit \u00e7e\u015fit b\u00f6reklerimiz haz\u0131rlan\u0131p, T\u00fcrkiye &#8216;nin d\u00f6rt bir yan\u0131ndaki onlarca \u015fubemizde sizlerle bulu\u015fuyor.<br \/>\nSiz de hikayemize ortak olmak, Levent B\u00f6rek ailesine kat\u0131lmak i\u00e7in formu eksiksiz doldurunuz.<\/p>\n<\/div><div class=\"fusion-text fusion-text-2\">\n            <div \n                class=\"elfsight-widget-google-maps elfsight-widget\" \n                data-elfsight-google-maps-options=\"%7B%22categoriesEnabled%22%3Afalse%2C%22categories%22%3A%5B%5D%2C%22icons%22%3A%5B%5D%2C%22lang%22%3A%22en%22%2C%22distanceUnits%22%3A%22mi%22%2C%22markers%22%3A%5B%7B%22position%22%3A%22Oranienstra%5Cu00dfe.%20166%2C%2010999%20Berlin%22%2C%22coordinates%22%3A%2252.5017457%2C%2013.4168117%22%2C%22infoTitle%22%3A%22Levent%20B%5Cu00f6rek%20Kreuzberg%20Franchise%22%2C%22category%22%3A%22%22%2C%22icon%22%3A%22%22%2C%22infoDescription%22%3A%22Levent%20B%5Cu00f6rek%20Kreuzberg%20Franchise%22%2C%22infoImage%22%3A%7B%22name%22%3A%22%22%2C%22url%22%3A%22%22%7D%2C%22infoAddress%22%3A%22Oranienstra%5Cu00dfe.%20166%2C%2010999%20Berlin%22%2C%22infoSite%22%3A%22leventborek.eu%22%2C%22infoPhone%22%3A%22%2B49%20172%209738443%22%2C%22infoEmail%22%3A%22info%40leventborek.eu%22%2C%22infoWorkingHours%22%3A%22Mon-Fri%2009%3A00%20%5Cu2013%2017%3A00%22%2C%22markerClickAction%22%3A%22infoWindow%22%2C%22infoWindowOpenedByDefault%22%3Afalse%2C%22linkUrl%22%3A%22%22%2C%22animation%22%3A%22none%22%7D%2C%7B%22position%22%3A%22Grunerstra%5Cu00dfe%2020%2C%2010179%20Berlin%22%2C%22coordinates%22%3A%2252.5201754%2C%2013.4147889%22%2C%22infoTitle%22%3A%22Levent%20B%5Cu00f6rek%20Alexa%20%20Ana%20%5Cu015eube%5Ct%22%2C%22category%22%3A%22%22%2C%22icon%22%3A%22%22%2C%22infoDescription%22%3A%22Levent%20B%5Cu00f6rek%20Alexa%20%26nbsp%3BAna%20%5Cu015eube%22%2C%22infoImage%22%3A%7B%22name%22%3A%22%22%2C%22url%22%3A%22%22%7D%2C%22infoAddress%22%3A%22Grunerstra%5Cu00dfe%2020%2C%2010179%20Berlin%22%2C%22infoSite%22%3A%22leventborek.eu%22%2C%22infoPhone%22%3A%22%2B49%20172%209738443%22%2C%22infoEmail%22%3A%22info%40leventborek.eu%22%2C%22infoWorkingHours%22%3A%22Mon-Fri%2009%3A00%20%5Cu2013%2017%3A00%22%2C%22markerClickAction%22%3A%22infoWindow%22%2C%22infoWindowOpenedByDefault%22%3Afalse%2C%22linkUrl%22%3A%22%22%2C%22animation%22%3A%22none%22%7D%2C%7B%22position%22%3A%22Hermannstra%5Cu00dfe%2065%2C%2012049%20Berlin%22%2C%22coordinates%22%3A%2252.47534049999999%2C%2013.4267524%22%2C%22infoTitle%22%3A%22Levent%20B%5Cu00f6rek%20Herman%20Stra%5Cu00dfe%20Franchise%5Ct%22%2C%22category%22%3A%22%22%2C%22icon%22%3A%22%22%2C%22infoDescription%22%3A%22Levent%20B%5Cu00f6rek%20Herman%20Stra%5Cu00dfe%20Franchise%22%2C%22infoImage%22%3A%7B%22name%22%3A%22%22%2C%22url%22%3A%22%22%7D%2C%22infoAddress%22%3A%22Hermannstra%5Cu00dfe%2065%2C%2012049%20Berlin%22%2C%22infoSite%22%3A%22leventborek.eu%22%2C%22infoPhone%22%3A%22%2B49%20172%209738443%22%2C%22infoEmail%22%3A%22info%40leventborek.eu%22%2C%22infoWorkingHours%22%3A%22Mon-Fri%2009%3A00%20%5Cu2013%2017%3A00%22%2C%22markerClickAction%22%3A%22infoWindow%22%2C%22infoWindowOpenedByDefault%22%3Afalse%2C%22linkUrl%22%3A%22%22%2C%22animation%22%3A%22none%22%7D%2C%7B%22position%22%3A%22Prinzenallee%201%20%2C%2013357%20Berlin%22%2C%22coordinates%22%3A%2252.55243%2C%2013.3822012%22%2C%22infoTitle%22%3A%22Levent%20B%5Cu00f6rek%20Pank%20Stra%5Cu00dfe%20Franchise%5Ct%22%2C%22category%22%3A%22%22%2C%22icon%22%3A%22%22%2C%22infoDescription%22%3A%22Levent%20B%5Cu00f6rek%20Pank%20Stra%5Cu00dfe%20Franchise%22%2C%22infoImage%22%3A%7B%22name%22%3A%22%22%2C%22url%22%3A%22%22%7D%2C%22infoAddress%22%3A%22Prinzenallee%201%20%2C%2013357%20Berlin%22%2C%22infoSite%22%3A%22leventborek.eu%22%2C%22infoPhone%22%3A%22%2B49%20172%209738443%22%2C%22infoEmail%22%3A%22info%40leventborek.eu%22%2C%22infoWorkingHours%22%3A%22Mon-Fri%2009%3A00%20%5Cu2013%2017%3A00%22%2C%22markerClickAction%22%3A%22infoWindow%22%2C%22infoWindowOpenedByDefault%22%3Afalse%2C%22linkUrl%22%3A%22%22%2C%22animation%22%3A%22none%22%7D%2C%7B%22position%22%3A%22Burgemeester%20de%20Vlugtlaan%20159%20MADO%20%2C%201063%20BK%20Amsterdam%20-%20Hollanda%20%22%2C%22coordinates%22%3A%2252.3809659%2C%204.8228103%22%2C%22infoTitle%22%3A%22Levent%20B%5Cu00f6rek%20Hollanda%20Amsterdam%20Franchise%22%2C%22category%22%3A%22%22%2C%22icon%22%3A%22%22%2C%22infoDescription%22%3A%22Levent%20B%5Cu00f6rek%20Hollanda%20Amsterdam%20Franchise%22%2C%22infoImage%22%3A%7B%22name%22%3A%22%22%2C%22url%22%3A%22%22%7D%2C%22infoAddress%22%3A%22Burgemeester%20de%20Vlugtlaan%20159%20MADO%20%2C%201063%20BK%20Amsterdam%20-%20Hollanda%20%22%2C%22infoSite%22%3A%22leventborek.eu%22%2C%22infoPhone%22%3A%22%2B49%20172%209738443%22%2C%22infoEmail%22%3A%22info%40leventborek.eu%22%2C%22infoWorkingHours%22%3A%22Mon-Fri%2009%3A00%20%5Cu2013%2017%3A00%22%2C%22markerClickAction%22%3A%22infoWindow%22%2C%22infoWindowOpenedByDefault%22%3Afalse%2C%22linkUrl%22%3A%22%22%2C%22animation%22%3A%22none%22%7D%5D%2C%22mapType%22%3A%22roadmap%22%2C%22center%22%3A%22auto%22%2C%22zoom%22%3A%22auto%22%2C%22controls%22%3A%5B%22zoom%22%2C%22mapType%22%2C%22scale%22%2C%22streetView%22%2C%22rotate%22%2C%22fullScreen%22%5D%2C%22markerClusterEnabled%22%3Atrue%2C%22markerClusterZoom%22%3Atrue%2C%22markerClusterMin%22%3A2%2C%22markerClusterIcon%22%3A%22default%22%2C%22markerClusterIconColor%22%3A%22%22%2C%22markerClusterIconUrl%22%3Anull%2C%22markerClusterSize%22%3A52%2C%22infoDirections%22%3Atrue%2C%22directionsTarget%22%3A%22inline%22%2C%22scrollwheel%22%3Afalse%2C%22draggable%22%3Atrue%2C%22layers%22%3A%5B%5D%2C%22width%22%3A%22auto%22%2C%22height%22%3A%22500%22%2C%22panelEnabled%22%3Afalse%2C%22panelOpenByDefault%22%3Atrue%2C%22panelSearchVisible%22%3Afalse%2C%22panelSearchBy%22%3A%22markers%22%2C%22panelSearchPlaceholder%22%3A%22%22%2C%22panelListItemElements%22%3A%5B%22title%22%2C%22category%22%2C%22image%22%2C%22address%22%2C%22phone%22%2C%22workingHours%22%5D%2C%22mainColor%22%3A%22rgb%2866%2C%20133%2C%20244%29%22%2C%22style%22%3A%22default%22%2C%22colorGeometry%22%3A%22%22%2C%22colorLabelsTextFill%22%3A%22%22%2C%22colorLabelsTextStroke%22%3A%22%22%2C%22colorAdministrativeGeometryStroke%22%3A%22%22%2C%22colorAdministrativeLandParcel%22%3A%22%22%2C%22colorLandscapeNaturalGeometry%22%3A%22%22%2C%22colorPoiGeometry%22%3A%22%22%2C%22colorPoiLabelsTextFill%22%3A%22%22%2C%22colorPoiParkGeometryFill%22%3A%22%22%2C%22colorPoiParkLabelsTextFill%22%3A%22%22%2C%22colorRoadGeometry%22%3A%22%22%2C%22colorRoadArterial%22%3A%22%22%2C%22colorRoadHighway%22%3A%22%22%2C%22colorRoadHighwayGeometryStroke%22%3A%22%22%2C%22colorRoadHighwayControlledAccessGeometry%22%3A%22%22%2C%22colorRoadHighwayControlledAccessGeometryStroke%22%3A%22%22%2C%22colorRoadLocalLabelsTextFill%22%3A%22%22%2C%22colorTransitLineGeometry%22%3A%22%22%2C%22colorTransitLineLabelsTextFill%22%3A%22%22%2C%22colorTransitLineLabelsTextStroke%22%3A%22%22%2C%22colorTransitStationGeometry%22%3A%22%22%2C%22colorWaterGeometryFill%22%3A%22%22%2C%22colorWaterLabelTextFill%22%3A%22%22%2C%22customGoogleMapsStyles%22%3A%22%22%2C%22apiKey%22%3A%22AIzaSyD7KM0Hlrf5Vctz4T1bIExW0N--XUIz_5k%22%2C%22widgetId%22%3A%221%22%7D\" \n                data-elfsight-google-maps-version=\"2.4.2\"\n                data-elfsight-widget-id=\"elfsight-google-maps-1\">\n            <\/div>\n            \n<\/div><\/div><\/div><div class=\"fusion-layout-column fusion_builder_column fusion-builder-column-1 fusion_builder_column_1_2 1_2 fusion-flex-column fusion-animated\" style=\"--awb-bg-size:cover;--awb-border-color:hsla(var(--awb-color8-h),var(--awb-color8-s),var(--awb-color8-l),calc( var(--awb-color8-a) - 92% ));--awb-border-style:solid;--awb-width-large:50%;--awb-margin-top-large:0px;--awb-spacing-right-large:50px;--awb-margin-bottom-large:20px;--awb-spacing-left-large:50px;--awb-width-medium:50%;--awb-order-medium:0;--awb-spacing-right-medium:50px;--awb-spacing-left-medium:50px;--awb-width-small:100%;--awb-order-small:0;--awb-margin-top-small:0px;--awb-spacing-right-small:50px;--awb-margin-bottom-small:30px;--awb-spacing-left-small:50px;\" data-animationType=\"fadeInUp\" data-animationDuration=\"1.2\" data-animationOffset=\"top-into-view\"><div class=\"fusion-column-wrapper fusion-column-has-shadow fusion-flex-justify-content-flex-start fusion-content-layout-column\"><div class=\"fusion-text fusion-text-3\"><style id=\"wpforms-css-vars-3139\">\n\t\t\t\t#wpforms-3139 {\n\t\t\t\t\n\t\t\t}\n\t\t\t<\/style><div class=\"wpforms-container wpforms-container-full wpforms-render-modern\" id=\"wpforms-3139\"><form id=\"wpforms-form-3139\" class=\"wpforms-validate wpforms-form wpforms-ajax-form\" data-formid=\"3139\" method=\"post\" enctype=\"multipart\/form-data\" action=\"\/tr\/wp-json\/wp\/v2\/pages\/2855\" data-token=\"3e0971c4a85ddaf46a7f1b50959032fd\" data-token-time=\"1777058804\"><noscript class=\"wpforms-error-noscript\">Please enable JavaScript in your browser to complete this form.<\/noscript><div id=\"wpforms-error-noscript\" style=\"display: none;\">Please enable JavaScript in your browser to complete this form.<\/div><div class=\"wpforms-field-container\"><div id=\"wpforms-3139-field_2-container\" class=\"wpforms-field wpforms-field-name\" data-field-id=\"2\"><fieldset><legend class=\"wpforms-field-label\">Name <span class=\"wpforms-required-label\" aria-hidden=\"true\">*<\/span><\/legend><div class=\"wpforms-field-row wpforms-field-large\"><div class=\"wpforms-field-row-block wpforms-first wpforms-one-half\"><input type=\"text\" id=\"wpforms-3139-field_2\" class=\"wpforms-field-name-first wpforms-field-required\" name=\"wpforms[fields][2][first]\" placeholder=\"JOHN\" aria-errormessage=\"wpforms-3139-field_2-error\" required><label for=\"wpforms-3139-field_2\" class=\"wpforms-field-sublabel after\">First<\/label><\/div><div class=\"wpforms-field-row-block wpforms-one-half\"><input type=\"text\" id=\"wpforms-3139-field_2-last\" class=\"wpforms-field-name-last wpforms-field-required\" name=\"wpforms[fields][2][last]\" placeholder=\"DOE\" aria-errormessage=\"wpforms-3139-field_2-last-error\" required><label for=\"wpforms-3139-field_2-last\" class=\"wpforms-field-sublabel after\">Last<\/label><\/div><\/div><\/fieldset><\/div><div id=\"wpforms-3139-field_5-container\" class=\"wpforms-field wpforms-field-email\" data-field-id=\"5\"><label class=\"wpforms-field-label\" for=\"wpforms-3139-field_5\">Email <span class=\"wpforms-required-label\" aria-hidden=\"true\">*<\/span><\/label><input type=\"email\" id=\"wpforms-3139-field_5\" class=\"wpforms-field-large wpforms-field-required\" name=\"wpforms[fields][5]\" placeholder=\"johndoe@mail.com\" spellcheck=\"false\" aria-errormessage=\"wpforms-3139-field_5-error\" required><\/div><div id=\"wpforms-3139-field_7-container\" class=\"wpforms-field wpforms-field-phone\" data-field-id=\"7\"><label class=\"wpforms-field-label\" for=\"wpforms-3139-field_7\">Phone <span class=\"wpforms-required-label\" aria-hidden=\"true\">*<\/span><\/label><input type=\"tel\" id=\"wpforms-3139-field_7\" class=\"wpforms-field-large wpforms-field-required wpforms-smart-phone-field\" data-rule-smart-phone-field=\"true\" name=\"wpforms[fields][7]\" placeholder=\"+##########\" aria-label=\"Phone\" aria-errormessage=\"wpforms-3139-field_7-error\" required><\/div><div id=\"wpforms-3139-field_1-container\" class=\"wpforms-field wpforms-field-text\" data-field-id=\"1\"><label class=\"wpforms-field-label\" for=\"wpforms-3139-field_1\">Location <span class=\"wpforms-required-label\" aria-hidden=\"true\">*<\/span><\/label><input type=\"text\" id=\"wpforms-3139-field_1\" class=\"wpforms-field-large wpforms-field-required\" name=\"wpforms[fields][1]\" placeholder=\"BERL\u0130N\" aria-errormessage=\"wpforms-3139-field_1-error\" required><\/div>\t\t<div id=\"wpforms-3139-field_4-container\"\n\t\t\tclass=\"wpforms-field wpforms-field-text\"\n\t\t\tdata-field-type=\"text\"\n\t\t\tdata-field-id=\"4\"\n\t\t\t>\n\t\t\t<label class=\"wpforms-field-label\" for=\"wpforms-3139-field_4\" >do start? investment<\/label>\n\t\t\t<input type=\"text\" id=\"wpforms-3139-field_4\" class=\"wpforms-field-medium\" name=\"wpforms[fields][4]\" >\n\t\t<\/div>\n\t\t<div id=\"wpforms-3139-field_8-container\" class=\"wpforms-field wpforms-field-date-time\" data-field-id=\"8\"><label class=\"wpforms-field-label\" for=\"wpforms-3139-field_8\">When do you plan to start?<\/label><div class=\"wpforms-datepicker-wrap\"><input type=\"text\" id=\"wpforms-3139-field_8\" class=\"wpforms-field-date-time-date wpforms-datepicker wpforms-field-large\" data-date-format=\"m\/d\/Y\" data-disable-past-dates=\"0\" data-input=\"true\" name=\"wpforms[fields][8][date]\" placeholder=\"Select a Planing Date\" aria-errormessage=\"wpforms-3139-field_8-error\" ><a title=\"Tarihi Sil\" data-clear role=\"button\" tabindex=\"0\" class=\"wpforms-datepicker-clear\" aria-label=\"Tarihi Sil\" style=\"display:none;\"><\/a><\/div><\/div><div id=\"wpforms-3139-field_9-container\" class=\"wpforms-field wpforms-field-radio wpforms-list-3-columns\" data-field-id=\"9\"><fieldset><legend class=\"wpforms-field-label\">Available investment amount? <span class=\"wpforms-required-label\" aria-hidden=\"true\">*<\/span><\/legend><ul id=\"wpforms-3139-field_9\" class=\"wpforms-field-required\"><li class=\"choice-1 depth-1\"><input type=\"radio\" id=\"wpforms-3139-field_9_1\" name=\"wpforms[fields][9]\" value=\"&gt;50K\" aria-errormessage=\"wpforms-3139-field_9_1-error\" required ><label class=\"wpforms-field-label-inline\" for=\"wpforms-3139-field_9_1\">&gt;50K<\/label><\/li><li class=\"choice-2 depth-1\"><input type=\"radio\" id=\"wpforms-3139-field_9_2\" name=\"wpforms[fields][9]\" value=\"&gt;100K\" aria-errormessage=\"wpforms-3139-field_9_2-error\" required ><label class=\"wpforms-field-label-inline\" for=\"wpforms-3139-field_9_2\">&gt;100K<\/label><\/li><li class=\"choice-3 depth-1\"><input type=\"radio\" id=\"wpforms-3139-field_9_3\" name=\"wpforms[fields][9]\" value=\"&lt;100K\" aria-errormessage=\"wpforms-3139-field_9_3-error\" required ><label class=\"wpforms-field-label-inline\" for=\"wpforms-3139-field_9_3\">&lt;100K<\/label><\/li><\/ul><\/fieldset><\/div><div id=\"wpforms-3139-field_3-container\" class=\"wpforms-field wpforms-field-textarea\" data-field-id=\"3\"><label class=\"wpforms-field-label\" for=\"wpforms-3139-field_3\">Location And Your Message<\/label><textarea id=\"wpforms-3139-field_3\" class=\"wpforms-field-large\" name=\"wpforms[fields][3]\" aria-errormessage=\"wpforms-3139-field_3-error\" ><\/textarea><\/div><script>\n\t\t\t\t( function() {\n\t\t\t\t\tconst style = document.createElement( 'style' );\n\t\t\t\t\tstyle.appendChild( document.createTextNode( '#wpforms-3139-field_4-container { position: absolute !important; overflow: hidden !important; display: inline !important; height: 1px !important; width: 1px !important; z-index: -1000 !important; padding: 0 !important; } #wpforms-3139-field_4-container input { visibility: hidden; } #wpforms-conversational-form-page #wpforms-3139-field_4-container label { counter-increment: none; }' ) );\n\t\t\t\t\tdocument.head.appendChild( style );\n\t\t\t\t\tdocument.currentScript?.remove();\n\t\t\t\t} )();\n\t\t\t<\/script><\/div><!-- .wpforms-field-container --><div class=\"wpforms-submit-container\" ><input type=\"hidden\" name=\"wpforms[id]\" value=\"3139\"><input type=\"hidden\" name=\"page_title\" value=\"\"><input type=\"hidden\" name=\"page_url\" value=\"https:\/\/leventborek.eu\/tr\/wp-json\/wp\/v2\/pages\/2855\"><input type=\"hidden\" name=\"url_referer\" value=\"\"><button type=\"submit\" name=\"wpforms[submit]\" id=\"wpforms-submit-3139\" class=\"wpforms-submit\" data-alt-text=\"Sending...\" data-submit-text=\"Submit\" aria-live=\"assertive\" value=\"wpforms-submit\">Submit<\/button><img decoding=\"async\" src=\"https:\/\/leventborek.eu\/wp-content\/plugins\/wpforms\/assets\/images\/submit-spin.svg\" class=\"wpforms-submit-spinner\" style=\"display: none;\" width=\"26\" height=\"26\" alt=\"Loading\"><\/div><\/form><\/div>  <!-- .wpforms-container -->\n<\/div><\/div><\/div><\/div><\/div>\n","protected":false},"excerpt":{"rendered":"","protected":false},"author":1,"featured_media":2980,"parent":0,"menu_order":0,"comment_status":"closed","ping_status":"closed","template":"100-width.php","meta":{"footnotes":""},"class_list":["post-2855","page","type-page","status-publish","has-post-thumbnail","hentry"],"yoast_head":"<!-- This site is optimized with the Yoast SEO plugin v27.4 - https:\/\/yoast.com\/product\/yoast-seo-wordpress\/ -->\n<title>Franchise - Levent Borek Europe<\/title>\n<meta name=\"robots\" content=\"index, follow, max-snippet:-1, max-image-preview:large, max-video-preview:-1\" \/>\n<link rel=\"canonical\" href=\"https:\/\/leventborek.eu\/tr\/franchise\/\" \/>\n<meta property=\"og:locale\" content=\"tr_TR\" \/>\n<meta property=\"og:type\" content=\"article\" \/>\n<meta property=\"og:title\" content=\"Franchise - Levent Borek Europe\" \/>\n<meta property=\"og:url\" content=\"https:\/\/leventborek.eu\/tr\/franchise\/\" \/>\n<meta property=\"og:site_name\" content=\"Levent Borek Europe\" \/>\n<meta property=\"article:modified_time\" content=\"2024-11-14T12:32:48+00:00\" \/>\n<meta property=\"og:image\" content=\"https:\/\/leventborek.eu\/wp-content\/uploads\/2024\/08\/Buyuk-yatay1.jpeg\" \/>\n\t<meta property=\"og:image:width\" content=\"1280\" \/>\n\t<meta property=\"og:image:height\" content=\"720\" \/>\n\t<meta property=\"og:image:type\" content=\"image\/jpeg\" \/>\n<meta name=\"twitter:card\" content=\"summary_large_image\" \/>\n<meta name=\"twitter:label1\" content=\"Tahmini okuma s\u00fcresi\" \/>\n\t<meta name=\"twitter:data1\" content=\"4 dakika\" \/>\n<script type=\"application\/ld+json\" class=\"yoast-schema-graph\">{\"@context\":\"https:\\\/\\\/schema.org\",\"@graph\":[{\"@type\":\"WebPage\",\"@id\":\"https:\\\/\\\/leventborek.eu\\\/tr\\\/franchise\\\/\",\"url\":\"https:\\\/\\\/leventborek.eu\\\/tr\\\/franchise\\\/\",\"name\":\"Franchise - Levent Borek Europe\",\"isPartOf\":{\"@id\":\"https:\\\/\\\/leventborek.eu\\\/tr\\\/#website\"},\"primaryImageOfPage\":{\"@id\":\"https:\\\/\\\/leventborek.eu\\\/tr\\\/franchise\\\/#primaryimage\"},\"image\":{\"@id\":\"https:\\\/\\\/leventborek.eu\\\/tr\\\/franchise\\\/#primaryimage\"},\"thumbnailUrl\":\"https:\\\/\\\/leventborek.eu\\\/wp-content\\\/uploads\\\/2024\\\/08\\\/Buyuk-yatay1.jpeg\",\"datePublished\":\"2023-05-15T19:08:32+00:00\",\"dateModified\":\"2024-11-14T12:32:48+00:00\",\"breadcrumb\":{\"@id\":\"https:\\\/\\\/leventborek.eu\\\/tr\\\/franchise\\\/#breadcrumb\"},\"inLanguage\":\"tr\",\"potentialAction\":[{\"@type\":\"ReadAction\",\"target\":[\"https:\\\/\\\/leventborek.eu\\\/tr\\\/franchise\\\/\"]}]},{\"@type\":\"ImageObject\",\"inLanguage\":\"tr\",\"@id\":\"https:\\\/\\\/leventborek.eu\\\/tr\\\/franchise\\\/#primaryimage\",\"url\":\"https:\\\/\\\/leventborek.eu\\\/wp-content\\\/uploads\\\/2024\\\/08\\\/Buyuk-yatay1.jpeg\",\"contentUrl\":\"https:\\\/\\\/leventborek.eu\\\/wp-content\\\/uploads\\\/2024\\\/08\\\/Buyuk-yatay1.jpeg\",\"width\":1280,\"height\":720},{\"@type\":\"BreadcrumbList\",\"@id\":\"https:\\\/\\\/leventborek.eu\\\/tr\\\/franchise\\\/#breadcrumb\",\"itemListElement\":[{\"@type\":\"ListItem\",\"position\":1,\"name\":\"Anasayfa\",\"item\":\"https:\\\/\\\/leventborek.eu\\\/tr\\\/\"},{\"@type\":\"ListItem\",\"position\":2,\"name\":\"Franchise\"}]},{\"@type\":\"WebSite\",\"@id\":\"https:\\\/\\\/leventborek.eu\\\/tr\\\/#website\",\"url\":\"https:\\\/\\\/leventborek.eu\\\/tr\\\/\",\"name\":\"Levent Borek Europe\",\"description\":\"Not Similar, The Original!\",\"potentialAction\":[{\"@type\":\"SearchAction\",\"target\":{\"@type\":\"EntryPoint\",\"urlTemplate\":\"https:\\\/\\\/leventborek.eu\\\/tr\\\/?s={search_term_string}\"},\"query-input\":{\"@type\":\"PropertyValueSpecification\",\"valueRequired\":true,\"valueName\":\"search_term_string\"}}],\"inLanguage\":\"tr\"}]}<\/script>\n<!-- \/ Yoast SEO plugin. -->","yoast_head_json":{"title":"Franchise - Levent Borek Europe","robots":{"index":"index","follow":"follow","max-snippet":"max-snippet:-1","max-image-preview":"max-image-preview:large","max-video-preview":"max-video-preview:-1"},"canonical":"https:\/\/leventborek.eu\/tr\/franchise\/","og_locale":"tr_TR","og_type":"article","og_title":"Franchise - Levent Borek Europe","og_url":"https:\/\/leventborek.eu\/tr\/franchise\/","og_site_name":"Levent Borek Europe","article_modified_time":"2024-11-14T12:32:48+00:00","og_image":[{"width":1280,"height":720,"url":"https:\/\/leventborek.eu\/wp-content\/uploads\/2024\/08\/Buyuk-yatay1.jpeg","type":"image\/jpeg"}],"twitter_card":"summary_large_image","twitter_misc":{"Tahmini okuma s\u00fcresi":"4 dakika"},"schema":{"@context":"https:\/\/schema.org","@graph":[{"@type":"WebPage","@id":"https:\/\/leventborek.eu\/tr\/franchise\/","url":"https:\/\/leventborek.eu\/tr\/franchise\/","name":"Franchise - Levent Borek Europe","isPartOf":{"@id":"https:\/\/leventborek.eu\/tr\/#website"},"primaryImageOfPage":{"@id":"https:\/\/leventborek.eu\/tr\/franchise\/#primaryimage"},"image":{"@id":"https:\/\/leventborek.eu\/tr\/franchise\/#primaryimage"},"thumbnailUrl":"https:\/\/leventborek.eu\/wp-content\/uploads\/2024\/08\/Buyuk-yatay1.jpeg","datePublished":"2023-05-15T19:08:32+00:00","dateModified":"2024-11-14T12:32:48+00:00","breadcrumb":{"@id":"https:\/\/leventborek.eu\/tr\/franchise\/#breadcrumb"},"inLanguage":"tr","potentialAction":[{"@type":"ReadAction","target":["https:\/\/leventborek.eu\/tr\/franchise\/"]}]},{"@type":"ImageObject","inLanguage":"tr","@id":"https:\/\/leventborek.eu\/tr\/franchise\/#primaryimage","url":"https:\/\/leventborek.eu\/wp-content\/uploads\/2024\/08\/Buyuk-yatay1.jpeg","contentUrl":"https:\/\/leventborek.eu\/wp-content\/uploads\/2024\/08\/Buyuk-yatay1.jpeg","width":1280,"height":720},{"@type":"BreadcrumbList","@id":"https:\/\/leventborek.eu\/tr\/franchise\/#breadcrumb","itemListElement":[{"@type":"ListItem","position":1,"name":"Anasayfa","item":"https:\/\/leventborek.eu\/tr\/"},{"@type":"ListItem","position":2,"name":"Franchise"}]},{"@type":"WebSite","@id":"https:\/\/leventborek.eu\/tr\/#website","url":"https:\/\/leventborek.eu\/tr\/","name":"Levent Borek Europe","description":"Not Similar, The Original!","potentialAction":[{"@type":"SearchAction","target":{"@type":"EntryPoint","urlTemplate":"https:\/\/leventborek.eu\/tr\/?s={search_term_string}"},"query-input":{"@type":"PropertyValueSpecification","valueRequired":true,"valueName":"search_term_string"}}],"inLanguage":"tr"}]}},"_links":{"self":[{"href":"https:\/\/leventborek.eu\/tr\/wp-json\/wp\/v2\/pages\/2855","targetHints":{"allow":["GET"]}}],"collection":[{"href":"https:\/\/leventborek.eu\/tr\/wp-json\/wp\/v2\/pages"}],"about":[{"href":"https:\/\/leventborek.eu\/tr\/wp-json\/wp\/v2\/types\/page"}],"author":[{"embeddable":true,"href":"https:\/\/leventborek.eu\/tr\/wp-json\/wp\/v2\/users\/1"}],"replies":[{"embeddable":true,"href":"https:\/\/leventborek.eu\/tr\/wp-json\/wp\/v2\/comments?post=2855"}],"version-history":[{"count":6,"href":"https:\/\/leventborek.eu\/tr\/wp-json\/wp\/v2\/pages\/2855\/revisions"}],"predecessor-version":[{"id":3161,"href":"https:\/\/leventborek.eu\/tr\/wp-json\/wp\/v2\/pages\/2855\/revisions\/3161"}],"wp:featuredmedia":[{"embeddable":true,"href":"https:\/\/leventborek.eu\/tr\/wp-json\/wp\/v2\/media\/2980"}],"wp:attachment":[{"href":"https:\/\/leventborek.eu\/tr\/wp-json\/wp\/v2\/media?parent=2855"}],"curies":[{"name":"wp","href":"https:\/\/api.w.org\/{rel}","templated":true}]}}