{"id":2849,"date":"2023-05-15T15:15:42","date_gmt":"2023-05-15T13:15:42","guid":{"rendered":"https:\/\/leventborek.eu\/kariyer\/"},"modified":"2023-05-20T21:43:22","modified_gmt":"2023-05-20T19:43:22","slug":"kariyer","status":"publish","type":"page","link":"https:\/\/leventborek.eu\/tr\/kariyer\/","title":{"rendered":"Kariyer"},"content":{"rendered":"<div class=\"fusion-fullwidth fullwidth-box fusion-builder-row-1 fusion-flex-container nonhundred-percent-fullwidth non-hundred-percent-height-scrolling\" style=\"--awb-border-sizes-top:0px;--awb-border-sizes-bottom:0px;--awb-border-sizes-left:0px;--awb-border-sizes-right:0px;--awb-border-radius-top-left:0px;--awb-border-radius-top-right:0px;--awb-border-radius-bottom-right:0px;--awb-border-radius-bottom-left:0px;--awb-padding-top:120px;--awb-padding-top-medium:90px;--awb-padding-bottom-medium:90px;--awb-padding-top-small:80px;--awb-padding-bottom-small:80px;--awb-background-color:var(--awb-color1);--awb-flex-wrap:wrap;\" ><div class=\"fusion-builder-row fusion-row fusion-flex-align-items-flex-start fusion-flex-content-wrap\" style=\"max-width:calc( 1200px + 100px );margin-left: calc(-100px \/ 2 );margin-right: calc(-100px \/ 2 );\"><div class=\"fusion-layout-column fusion_builder_column fusion-builder-column-0 fusion-flex-column fusion-animated\" style=\"--awb-bg-size:cover;--awb-border-color:hsla(var(--awb-color8-h),var(--awb-color8-s),var(--awb-color8-l),calc( var(--awb-color8-a) - 92% ));--awb-border-style:solid;--awb-width-large:45%;--awb-margin-top-large:0px;--awb-spacing-right-large:50px;--awb-margin-bottom-large:20px;--awb-spacing-left-large:50px;--awb-width-medium:50%;--awb-order-medium:0;--awb-spacing-right-medium:50px;--awb-spacing-left-medium:50px;--awb-width-small:100%;--awb-order-small:1;--awb-margin-top-small:0px;--awb-spacing-right-small:50px;--awb-margin-bottom-small:30px;--awb-spacing-left-small:50px;\" data-animationType=\"fadeInUp\" data-animationDuration=\"1.2\" data-animationOffset=\"top-into-view\"><div class=\"fusion-column-wrapper fusion-column-has-shadow fusion-flex-justify-content-flex-start fusion-content-layout-column\"><div class=\"fusion-image-element \" style=\"--awb-aspect-ratio: 100 \/ 155;--awb-object-position:98% 76%;--awb-margin-bottom:0px;--awb-caption-title-font-family:var(--h2_typography-font-family);--awb-caption-title-font-weight:var(--h2_typography-font-weight);--awb-caption-title-font-style:var(--h2_typography-font-style);--awb-caption-title-size:var(--h2_typography-font-size);--awb-caption-title-transform:var(--h2_typography-text-transform);--awb-caption-title-line-height:var(--h2_typography-line-height);--awb-caption-title-letter-spacing:var(--h2_typography-letter-spacing);\"><span class=\" fusion-imageframe imageframe-none imageframe-1 hover-type-none has-aspect-ratio\"><img decoding=\"async\" width=\"1200\" height=\"1600\" title=\"Borek with Cheese\" src=\"https:\/\/bvcglobal.eu\/wp-content\/uploads\/2023\/05\/image00001.jpeg\" class=\"img-responsive wp-image-2700 img-with-aspect-ratio\" alt srcset=\"https:\/\/leventborek.eu\/wp-content\/uploads\/2023\/05\/image00001-200x267.jpeg 200w, https:\/\/leventborek.eu\/wp-content\/uploads\/2023\/05\/image00001-400x533.jpeg 400w, https:\/\/leventborek.eu\/wp-content\/uploads\/2023\/05\/image00001-600x800.jpeg 600w, https:\/\/leventborek.eu\/wp-content\/uploads\/2023\/05\/image00001-800x1067.jpeg 800w, https:\/\/leventborek.eu\/wp-content\/uploads\/2023\/05\/image00001.jpeg 1200w\" sizes=\"(max-width: 700px) 100vw, 600px\" \/><\/span><\/div><\/div><\/div><div class=\"fusion-layout-column fusion_builder_column fusion-builder-column-1 fusion-flex-column fusion-animated\" style=\"--awb-bg-size:cover;--awb-border-color:hsla(var(--awb-color8-h),var(--awb-color8-s),var(--awb-color8-l),calc( var(--awb-color8-a) - 92% ));--awb-border-style:solid;--awb-width-large:55%;--awb-margin-top-large:0px;--awb-spacing-right-large:50px;--awb-margin-bottom-large:20px;--awb-spacing-left-large:50px;--awb-width-medium:50%;--awb-order-medium:0;--awb-spacing-right-medium:50px;--awb-spacing-left-medium:50px;--awb-width-small:100%;--awb-order-small:0;--awb-margin-top-small:0px;--awb-spacing-right-small:50px;--awb-margin-bottom-small:30px;--awb-spacing-left-small:50px;\" data-animationType=\"fadeInUp\" data-animationDuration=\"1.2\" data-animationOffset=\"top-into-view\"><div class=\"fusion-column-wrapper fusion-column-has-shadow fusion-flex-justify-content-flex-start fusion-content-layout-column\"><div class=\"fusion-title title fusion-title-1 fusion-sep-none fusion-title-text fusion-title-size-two\" style=\"--awb-margin-top:0px;--awb-margin-bottom:20px;\"><h2 class=\"fusion-title-heading title-heading-left\" style=\"margin:0;\">Bizim ile \u00e7al\u0131\u015fmak istermisiniz?<\/h2><\/div><div class=\"fusion-form fusion-form-builder fusion-form-form-wrapper fusion-form-2889\" style=\"--awb-tooltip-text-color:var(--awb-color8);--awb-tooltip-background-color:var(--awb-color1);--awb-form-input-height:60px;--awb-form-bg-color:var(--awb-color1);--awb-form-placeholder-color:hsla(var(--awb-color8-h),var(--awb-color8-s),var(--awb-color8-l),calc(var(--awb-color8-a) - 20%));--awb-form-text-color:var(--awb-color8);--awb-form-label-color:var(--awb-color8);--awb-form-border-color:var(--awb-color3);--awb-form-focus-border-color:var(--awb-color4);--awb-form-focus-border-hover-color:hsla(var(--awb-color4-h),var(--awb-color4-s),var(--awb-color4-l),calc(var(--awb-color4-a) - 50%));--awb-form-border-radius:6px;\" data-form-id=\"2889\" data-config=\"{&quot;form_id&quot;:2889,&quot;form_post_id&quot;:2889,&quot;post_id&quot;:2849,&quot;form_type&quot;:&quot;ajax&quot;,&quot;confirmation_type&quot;:&quot;message&quot;,&quot;redirect_url&quot;:&quot;&quot;,&quot;field_labels&quot;:{&quot;ad&quot;:&quot;Ad&quot;,&quot;soyad&quot;:&quot;Soyad&quot;,&quot;e-posta&quot;:&quot;E-Posta&quot;,&quot;telefon&quot;:&quot;Telefon&quot;,&quot;pozisyon&quot;:&quot;Pozisyon&quot;,&quot;mesaj\\u0131n\\u0131z&quot;:&quot;Mesaj\\u0131n\\u0131z&quot;,&quot;your_cv&quot;:&quot;\\u00d6zge\\u00e7mi\\u015finiz&quot;},&quot;field_logics&quot;:{&quot;ad&quot;:&quot;&quot;,&quot;soyad&quot;:&quot;&quot;,&quot;e-posta&quot;:&quot;&quot;,&quot;telefon&quot;:&quot;&quot;,&quot;pozisyon&quot;:&quot;&quot;,&quot;mesaj\\u0131n\\u0131z&quot;:&quot;&quot;,&quot;your_cv&quot;:&quot;&quot;,&quot;notice_1&quot;:&quot;&quot;},&quot;field_types&quot;:{&quot;ad&quot;:&quot;text&quot;,&quot;soyad&quot;:&quot;text&quot;,&quot;e-posta&quot;:&quot;email&quot;,&quot;telefon&quot;:&quot;phone_number&quot;,&quot;pozisyon&quot;:&quot;select&quot;,&quot;mesaj\\u0131n\\u0131z&quot;:&quot;textarea&quot;,&quot;your_cv&quot;:&quot;upload&quot;,&quot;submit_1&quot;:&quot;submit&quot;,&quot;notice_1&quot;:&quot;notice&quot;},&quot;nonce_method&quot;:&quot;ajax&quot;}\"><form action=\"https:\/\/leventborek.eu\/tr\/kariyer\/\" method=\"post\" class=\"fusion-form fusion-form-2889\" enctype=\"multipart\/form-data\"><div class=\"fusion-fullwidth fullwidth-box fusion-builder-row-1-1 fusion-flex-container nonhundred-percent-fullwidth non-hundred-percent-height-scrolling\" style=\"--awb-border-radius-top-left:0px;--awb-border-radius-top-right:0px;--awb-border-radius-bottom-right:0px;--awb-border-radius-bottom-left:0px;--awb-padding-top:0px;--awb-padding-right:0px;--awb-padding-bottom:0px;--awb-padding-left:0px;--awb-flex-wrap:wrap;\" ><div class=\"fusion-builder-row fusion-row fusion-flex-align-items-flex-start fusion-flex-content-wrap\" style=\"width:104% !important;max-width:104% !important;margin-left: calc(-4% \/ 2 );margin-right: calc(-4% \/ 2 );\"><div class=\"fusion-layout-column fusion_builder_column fusion-builder-column-2 fusion_builder_column_1_2 1_2 fusion-flex-column\" style=\"--awb-bg-size:cover;--awb-width-large:50%;--awb-margin-top-large:0px;--awb-spacing-right-large:3.84%;--awb-margin-bottom-large:0px;--awb-spacing-left-large:3.84%;--awb-width-medium:50%;--awb-order-medium:0;--awb-spacing-right-medium:3.84%;--awb-spacing-left-medium:3.84%;--awb-width-small:100%;--awb-order-small:0;--awb-spacing-right-small:1.92%;--awb-spacing-left-small:1.92%;\"><div class=\"fusion-column-wrapper fusion-column-has-shadow fusion-flex-justify-content-flex-start fusion-content-layout-column\"><div class=\"fusion-form-field fusion-form-text-field fusion-form-label-above\" style=\"\" data-form-id=\"2889\"><div class=\"fusion-form-label-wrapper\"><label for=\"ad\">Ad <abbr class=\"fusion-form-element-required\" title=\"required\">*<\/abbr><\/label><\/div><input type=\"text\" name=\"ad\" id=\"ad\" value=\"\"  class=\"fusion-form-input\" required=\"true\" aria-required=\"true\" placeholder=\"Ahmet*\" data-holds-private-data=\"false\" minlength=\"0\"\/><\/div><\/div><\/div><div class=\"fusion-layout-column fusion_builder_column fusion-builder-column-3 fusion_builder_column_1_2 1_2 fusion-flex-column\" style=\"--awb-bg-size:cover;--awb-width-large:50%;--awb-margin-top-large:0px;--awb-spacing-right-large:3.84%;--awb-margin-bottom-large:0px;--awb-spacing-left-large:3.84%;--awb-width-medium:50%;--awb-order-medium:0;--awb-spacing-right-medium:3.84%;--awb-spacing-left-medium:3.84%;--awb-width-small:100%;--awb-order-small:0;--awb-spacing-right-small:1.92%;--awb-spacing-left-small:1.92%;\"><div class=\"fusion-column-wrapper fusion-column-has-shadow fusion-flex-justify-content-flex-start fusion-content-layout-column\"><div class=\"fusion-form-field fusion-form-text-field fusion-form-label-above\" style=\"\" data-form-id=\"2889\"><div class=\"fusion-form-label-wrapper\"><label for=\"soyad\">Soyad <abbr class=\"fusion-form-element-required\" title=\"required\">*<\/abbr><\/label><\/div><input type=\"text\" name=\"soyad\" id=\"soyad\" value=\"\"  class=\"fusion-form-input\" required=\"true\" aria-required=\"true\" placeholder=\"Dere*\" data-holds-private-data=\"false\" minlength=\"0\"\/><\/div><\/div><\/div><div class=\"fusion-layout-column fusion_builder_column fusion-builder-column-4 fusion_builder_column_1_1 1_1 fusion-flex-column\" style=\"--awb-bg-size:cover;--awb-width-large:100%;--awb-margin-top-large:0px;--awb-spacing-right-large:1.92%;--awb-margin-bottom-large:0px;--awb-spacing-left-large:1.92%;--awb-width-medium:100%;--awb-order-medium:0;--awb-spacing-right-medium:1.92%;--awb-spacing-left-medium:1.92%;--awb-width-small:100%;--awb-order-small:0;--awb-spacing-right-small:1.92%;--awb-spacing-left-small:1.92%;\"><div class=\"fusion-column-wrapper fusion-column-has-shadow fusion-flex-justify-content-flex-start fusion-content-layout-column\"><div class=\"fusion-form-field fusion-form-email-field fusion-form-label-above\" style=\"\" data-form-id=\"2889\"><div class=\"fusion-form-label-wrapper\"><label for=\"e-posta\">E-Posta <abbr class=\"fusion-form-element-required\" title=\"required\">*<\/abbr><\/label><\/div><input type=\"email\" name=\"e-posta\" id=\"e-posta\" value=\"\"  class=\"fusion-form-input\" required=\"true\" aria-required=\"true\" placeholder=\"ahmet@mail.com*\" data-holds-private-data=\"false\"\/><\/div><div class=\"fusion-form-field fusion-form-phone-number-field fusion-form-label-above\" style=\"\" data-form-id=\"2889\"><div class=\"fusion-form-label-wrapper\"><label for=\"telefon\">Telefon <abbr class=\"fusion-form-element-required\" title=\"required\">*<\/abbr><\/label><\/div><div class=\"fusion-form-input-with-icon\"><i class=\"awb-form-icon fa-phone-square-alt fas\"><\/i><input type=\"tel\" name=\"telefon\" id=\"telefon\" value=\"\"  class=\"fusion-form-input\" required=\"true\" aria-required=\"true\" placeholder=\"+## ### #######*\" data-holds-private-data=\"false\"\/><\/div><\/div><div class=\"fusion-form-field fusion-form-select-field fusion-form-label-above\" style=\"\" data-form-id=\"2889\"><label for=\"pozisyon\">Pozisyon <abbr class=\"fusion-form-element-required\" title=\"required\">*<\/abbr><\/label><div class=\"fusion-select-wrapper\"><select tabindex=\"\" id=\"pozisyon\" name=\"pozisyon\" class=\"fusion-form-input\" required=\"true\" aria-required=\"true\" data-holds-private-data=\"false\"><option value=\"\" disabled selected>L\u00fctfen Se\u00e7iniz<\/option><option value=\"Sat\u0131\u015f Dan\u0131\u015fman\u0131\" >Sat\u0131\u015f Dan\u0131\u015fman\u0131<\/option><option value=\"M\u00fcd\u00fcr Yard\u0131mc\u0131s\u0131\" >M\u00fcd\u00fcr Yard\u0131mc\u0131s\u0131<\/option><option value=\"\u015eube M\u00fcd\u00fcr\u00fc\" >\u015eube M\u00fcd\u00fcr\u00fc<\/option><\/select><div class=\"select-arrow\"><svg width=\"12\" height=\"8\" viewBox=\"0 0 12 8\" fill=\"none\" xmlns=\"http:\/\/www.w3.org\/2000\/svg\"> <path d=\"M1.5 1.75L6 6.25L10.5 1.75\" stroke=\"#6D6D6D\" stroke-width=\"2\" stroke-linecap=\"round\" stroke-linejoin=\"round\"\/> <\/svg><\/div><\/div><\/div><div class=\"fusion-form-field fusion-form-textarea-field fusion-form-label-above\" style=\"\" data-form-id=\"2889\"><label for=\"mesaj\u0131n\u0131z\">Mesaj\u0131n\u0131z<\/label><textarea cols=\"40\"  minlength=\"0\"  rows=\"4\" tabindex=\"\" id=\"mesaj\u0131n\u0131z\" name=\"mesaj\u0131n\u0131z\" class=\"fusion-form-input\" data-holds-private-data=\"false\"><\/textarea><\/div><div class=\"fusion-form-field fusion-form-upload-field fusion-form-label-above\" style=\"\" data-form-id=\"2889\"><label for=\"your_cv\">\u00d6zge\u00e7mi\u015finiz <abbr class=\"fusion-form-element-required\" title=\"required\">*<\/abbr><\/label><div class=\"fusion-form-input-with-icon\"><i class=\" fa-upload fas\"><\/i><div class=\"fusion-form-upload-field-container\"><input type=\"file\" id=\"your_cv\" name=\"your_cv\" value=\"\"  class=\"fusion-form-input\" required=\"true\" aria-required=\"true\" placeholder=\"Y\u00fcklemek i\u00e7in bir dosyay\u0131 bu alana t\u0131klay\u0131n veya s\u00fcr\u00fckleyin.*\" data-size=\"2\"\/><input type=\"text\" disabled value=\"\" class=\"fusion-form-upload-field\"  required=\"true\" aria-required=\"true\" placeholder=\"Y\u00fcklemek i\u00e7in bir dosyay\u0131 bu alana t\u0131klay\u0131n veya s\u00fcr\u00fckleyin.*\" data-holds-private-data=\"false\"\/><div ><a class=\"fusion-button button-flat button-medium button-default fusion-button-default button-1 fusion-button-default-span fusion-button-default-type fusion-form-upload-field-button\" style=\"--button-border-radius-top-left:0px;--button-border-radius-top-right:0px;--button-border-radius-bottom-right:0px;--button-border-radius-bottom-left:0px;\" target=\"_self\" href=\"javascript:void();\"><span class=\"fusion-button-text\">Choose File<\/span><\/a><\/div><\/div><\/div><\/div><div class=\"fusion-form-field fusion-form-submit-field fusion-form-label-above\" style=\"\" data-form-id=\"2889\"><div style=\"text-align:center;\"><button type=\"submit\" class=\"fusion-button button-flat fusion-button-default-size button-custom fusion-button-default button-2 fusion-button-span-yes  form-form-submit button-default\" style=\"--button_accent_color:var(--awb-color8);--button_accent_hover_color:var(--awb-color1);--button_border_hover_color:var(--awb-color1);--button-border-radius-top-left:50px;--button-border-radius-top-right:50px;--button-border-radius-bottom-right:50px;--button-border-radius-bottom-left:50px;--button_gradient_angle:178deg;--button_gradient_top_color:#ed7905;--button_gradient_bottom_color:#ed7905;--button_gradient_top_color_hover:hsla(var(--awb-color8-h),var(--awb-color8-s),calc(var(--awb-color8-l) - 10%),var(--awb-color8-a));--button_gradient_bottom_color_hover:hsla(var(--awb-color8-h),var(--awb-color8-s),calc(var(--awb-color8-l) - 10%),var(--awb-color8-a));--button_text_transform:var(--awb-typography3-text-transform);--button_font_size:18px;--button_line_height:1.8;--button_padding-top:25px;--button_padding-bottom:25px;--button_typography-letter-spacing:0.1m;--button_typography-font-family:var(--awb-typography3-font-family);--button_typography-font-weight:var(--awb-typography3-font-weight);--button_typography-font-style:var(--awb-typography3-font-style);\" data-hover=\"text_slide_up\" data-form-number=\"2889\" tabindex=\"\"><div class=\"awb-button-text-transition\"><span class=\"fusion-button-text\">G\u00f6nder<\/span><span class=\"fusion-button-text\">G\u00f6nder<\/span><\/div><\/button><\/div><\/div><\/div><\/div><div class=\"fusion-layout-column fusion_builder_column fusion-builder-column-5 fusion_builder_column_1_1 1_1 fusion-flex-column\" style=\"--awb-bg-size:cover;--awb-width-large:100%;--awb-margin-top-large:10px;--awb-spacing-right-large:1.92%;--awb-margin-bottom-large:0px;--awb-spacing-left-large:1.92%;--awb-width-medium:100%;--awb-order-medium:0;--awb-spacing-right-medium:1.92%;--awb-spacing-left-medium:1.92%;--awb-width-small:100%;--awb-order-small:0;--awb-spacing-right-small:1.92%;--awb-spacing-left-small:1.92%;\"><div class=\"fusion-column-wrapper fusion-column-has-shadow fusion-flex-justify-content-flex-start fusion-content-layout-column\"><div class=\"form-submission-notices data-notice_1\" id=\"fusion-notices-1\"><div class=\"fusion-alert alert success alert-success fusion-alert-center fusion-form-response fusion-form-response-success awb-alert-native-link-color alert-dismissable awb-alert-close-boxed\" role=\"alert\"><div class=\"fusion-alert-content-wrapper\"><span class=\"alert-icon\"><i class=\"awb-icon-check-circle\" aria-hidden=\"true\"><\/i><\/span><span class=\"fusion-alert-content\">Ba\u015fvrunuz ba\u015far\u0131yla g\u00f6nderilmi\u015ftir. Te\u015fekk\u00fcrler.<\/span><\/div><button type=\"button\" class=\"close toggle-alert\" data-dismiss=\"alert\" aria-label=\"Close\">&times;<\/button><\/div><div class=\"fusion-alert alert error alert-danger fusion-alert-center fusion-form-response fusion-form-response-error awb-alert-native-link-color alert-dismissable awb-alert-close-boxed\" role=\"alert\"><div class=\"fusion-alert-content-wrapper\"><span class=\"alert-icon\"><i class=\"awb-icon-exclamation-triangle\" aria-hidden=\"true\"><\/i><\/span><span class=\"fusion-alert-content\">Mesaj\u0131n\u0131z g\u00f6nderilmeye \u00e7al\u0131\u015f\u0131l\u0131rken bir hata olu\u015ftu. L\u00fctfen tekrar deneyiniz.<\/span><\/div><button type=\"button\" class=\"close toggle-alert\" data-dismiss=\"alert\" aria-label=\"Close\">&times;<\/button><\/div><\/div><\/div><\/div><\/div><\/div><\/form><\/div><\/div><\/div><\/div><\/div>\n","protected":false},"excerpt":{"rendered":"","protected":false},"author":1,"featured_media":2842,"parent":0,"menu_order":0,"comment_status":"closed","ping_status":"closed","template":"100-width.php","meta":{"footnotes":""},"class_list":["post-2849","page","type-page","status-publish","has-post-thumbnail","hentry"],"yoast_head":"<!-- This site is optimized with the Yoast SEO plugin v27.4 - https:\/\/yoast.com\/product\/yoast-seo-wordpress\/ -->\n<title>Kariyer - Levent Borek Europe<\/title>\n<meta name=\"robots\" content=\"index, follow, max-snippet:-1, max-image-preview:large, max-video-preview:-1\" \/>\n<link rel=\"canonical\" href=\"https:\/\/leventborek.eu\/tr\/kariyer\/\" \/>\n<meta property=\"og:locale\" content=\"tr_TR\" \/>\n<meta property=\"og:type\" content=\"article\" \/>\n<meta property=\"og:title\" content=\"Kariyer - Levent Borek Europe\" \/>\n<meta property=\"og:url\" content=\"https:\/\/leventborek.eu\/tr\/kariyer\/\" \/>\n<meta property=\"og:site_name\" content=\"Levent Borek Europe\" \/>\n<meta property=\"article:modified_time\" content=\"2023-05-20T19:43:22+00:00\" \/>\n<meta property=\"og:image\" content=\"https:\/\/leventborek.eu\/wp-content\/uploads\/2023\/05\/ustbor.webp\" \/>\n\t<meta property=\"og:image:width\" content=\"1920\" \/>\n\t<meta property=\"og:image:height\" content=\"350\" \/>\n\t<meta property=\"og:image:type\" content=\"image\/webp\" \/>\n<meta name=\"twitter:card\" content=\"summary_large_image\" \/>\n<meta name=\"twitter:label1\" content=\"Tahmini okuma s\u00fcresi\" \/>\n\t<meta name=\"twitter:data1\" content=\"2 dakika\" \/>\n<script type=\"application\/ld+json\" class=\"yoast-schema-graph\">{\"@context\":\"https:\\\/\\\/schema.org\",\"@graph\":[{\"@type\":\"WebPage\",\"@id\":\"https:\\\/\\\/leventborek.eu\\\/tr\\\/kariyer\\\/\",\"url\":\"https:\\\/\\\/leventborek.eu\\\/tr\\\/kariyer\\\/\",\"name\":\"Kariyer - Levent Borek Europe\",\"isPartOf\":{\"@id\":\"https:\\\/\\\/leventborek.eu\\\/tr\\\/#website\"},\"primaryImageOfPage\":{\"@id\":\"https:\\\/\\\/leventborek.eu\\\/tr\\\/kariyer\\\/#primaryimage\"},\"image\":{\"@id\":\"https:\\\/\\\/leventborek.eu\\\/tr\\\/kariyer\\\/#primaryimage\"},\"thumbnailUrl\":\"https:\\\/\\\/leventborek.eu\\\/wp-content\\\/uploads\\\/2023\\\/05\\\/ustbor.webp\",\"datePublished\":\"2023-05-15T13:15:42+00:00\",\"dateModified\":\"2023-05-20T19:43:22+00:00\",\"breadcrumb\":{\"@id\":\"https:\\\/\\\/leventborek.eu\\\/tr\\\/kariyer\\\/#breadcrumb\"},\"inLanguage\":\"tr\",\"potentialAction\":[{\"@type\":\"ReadAction\",\"target\":[\"https:\\\/\\\/leventborek.eu\\\/tr\\\/kariyer\\\/\"]}]},{\"@type\":\"ImageObject\",\"inLanguage\":\"tr\",\"@id\":\"https:\\\/\\\/leventborek.eu\\\/tr\\\/kariyer\\\/#primaryimage\",\"url\":\"https:\\\/\\\/leventborek.eu\\\/wp-content\\\/uploads\\\/2023\\\/05\\\/ustbor.webp\",\"contentUrl\":\"https:\\\/\\\/leventborek.eu\\\/wp-content\\\/uploads\\\/2023\\\/05\\\/ustbor.webp\",\"width\":1920,\"height\":350},{\"@type\":\"BreadcrumbList\",\"@id\":\"https:\\\/\\\/leventborek.eu\\\/tr\\\/kariyer\\\/#breadcrumb\",\"itemListElement\":[{\"@type\":\"ListItem\",\"position\":1,\"name\":\"Anasayfa\",\"item\":\"https:\\\/\\\/leventborek.eu\\\/tr\\\/\"},{\"@type\":\"ListItem\",\"position\":2,\"name\":\"Kariyer\"}]},{\"@type\":\"WebSite\",\"@id\":\"https:\\\/\\\/leventborek.eu\\\/tr\\\/#website\",\"url\":\"https:\\\/\\\/leventborek.eu\\\/tr\\\/\",\"name\":\"Levent Borek Europe\",\"description\":\"Not Similar, The Original!\",\"potentialAction\":[{\"@type\":\"SearchAction\",\"target\":{\"@type\":\"EntryPoint\",\"urlTemplate\":\"https:\\\/\\\/leventborek.eu\\\/tr\\\/?s={search_term_string}\"},\"query-input\":{\"@type\":\"PropertyValueSpecification\",\"valueRequired\":true,\"valueName\":\"search_term_string\"}}],\"inLanguage\":\"tr\"}]}<\/script>\n<!-- \/ Yoast SEO plugin. -->","yoast_head_json":{"title":"Kariyer - Levent Borek Europe","robots":{"index":"index","follow":"follow","max-snippet":"max-snippet:-1","max-image-preview":"max-image-preview:large","max-video-preview":"max-video-preview:-1"},"canonical":"https:\/\/leventborek.eu\/tr\/kariyer\/","og_locale":"tr_TR","og_type":"article","og_title":"Kariyer - Levent Borek Europe","og_url":"https:\/\/leventborek.eu\/tr\/kariyer\/","og_site_name":"Levent Borek Europe","article_modified_time":"2023-05-20T19:43:22+00:00","og_image":[{"width":1920,"height":350,"url":"https:\/\/leventborek.eu\/wp-content\/uploads\/2023\/05\/ustbor.webp","type":"image\/webp"}],"twitter_card":"summary_large_image","twitter_misc":{"Tahmini okuma s\u00fcresi":"2 dakika"},"schema":{"@context":"https:\/\/schema.org","@graph":[{"@type":"WebPage","@id":"https:\/\/leventborek.eu\/tr\/kariyer\/","url":"https:\/\/leventborek.eu\/tr\/kariyer\/","name":"Kariyer - Levent Borek Europe","isPartOf":{"@id":"https:\/\/leventborek.eu\/tr\/#website"},"primaryImageOfPage":{"@id":"https:\/\/leventborek.eu\/tr\/kariyer\/#primaryimage"},"image":{"@id":"https:\/\/leventborek.eu\/tr\/kariyer\/#primaryimage"},"thumbnailUrl":"https:\/\/leventborek.eu\/wp-content\/uploads\/2023\/05\/ustbor.webp","datePublished":"2023-05-15T13:15:42+00:00","dateModified":"2023-05-20T19:43:22+00:00","breadcrumb":{"@id":"https:\/\/leventborek.eu\/tr\/kariyer\/#breadcrumb"},"inLanguage":"tr","potentialAction":[{"@type":"ReadAction","target":["https:\/\/leventborek.eu\/tr\/kariyer\/"]}]},{"@type":"ImageObject","inLanguage":"tr","@id":"https:\/\/leventborek.eu\/tr\/kariyer\/#primaryimage","url":"https:\/\/leventborek.eu\/wp-content\/uploads\/2023\/05\/ustbor.webp","contentUrl":"https:\/\/leventborek.eu\/wp-content\/uploads\/2023\/05\/ustbor.webp","width":1920,"height":350},{"@type":"BreadcrumbList","@id":"https:\/\/leventborek.eu\/tr\/kariyer\/#breadcrumb","itemListElement":[{"@type":"ListItem","position":1,"name":"Anasayfa","item":"https:\/\/leventborek.eu\/tr\/"},{"@type":"ListItem","position":2,"name":"Kariyer"}]},{"@type":"WebSite","@id":"https:\/\/leventborek.eu\/tr\/#website","url":"https:\/\/leventborek.eu\/tr\/","name":"Levent Borek Europe","description":"Not Similar, The Original!","potentialAction":[{"@type":"SearchAction","target":{"@type":"EntryPoint","urlTemplate":"https:\/\/leventborek.eu\/tr\/?s={search_term_string}"},"query-input":{"@type":"PropertyValueSpecification","valueRequired":true,"valueName":"search_term_string"}}],"inLanguage":"tr"}]}},"_links":{"self":[{"href":"https:\/\/leventborek.eu\/tr\/wp-json\/wp\/v2\/pages\/2849","targetHints":{"allow":["GET"]}}],"collection":[{"href":"https:\/\/leventborek.eu\/tr\/wp-json\/wp\/v2\/pages"}],"about":[{"href":"https:\/\/leventborek.eu\/tr\/wp-json\/wp\/v2\/types\/page"}],"author":[{"embeddable":true,"href":"https:\/\/leventborek.eu\/tr\/wp-json\/wp\/v2\/users\/1"}],"replies":[{"embeddable":true,"href":"https:\/\/leventborek.eu\/tr\/wp-json\/wp\/v2\/comments?post=2849"}],"version-history":[{"count":5,"href":"https:\/\/leventborek.eu\/tr\/wp-json\/wp\/v2\/pages\/2849\/revisions"}],"predecessor-version":[{"id":2890,"href":"https:\/\/leventborek.eu\/tr\/wp-json\/wp\/v2\/pages\/2849\/revisions\/2890"}],"wp:featuredmedia":[{"embeddable":true,"href":"https:\/\/leventborek.eu\/tr\/wp-json\/wp\/v2\/media\/2842"}],"wp:attachment":[{"href":"https:\/\/leventborek.eu\/tr\/wp-json\/wp\/v2\/media?parent=2849"}],"curies":[{"name":"wp","href":"https:\/\/api.w.org\/{rel}","templated":true}]}}